{"id":2252,"date":"2018-11-08T16:40:56","date_gmt":"2018-11-08T18:40:56","guid":{"rendered":"https:\/\/www.escolabaronesa.com.br\/site\/?page_id=2252"},"modified":"2022-01-13T17:03:29","modified_gmt":"2022-01-13T20:03:29","slug":"educacao-ambiental","status":"publish","type":"page","link":"https:\/\/www.escolabaronesa.com.br\/site\/educacao-ambiental\/","title":{"rendered":"Educa\u00e7\u00e3o Ambiental"},"content":{"rendered":"<p>[vc_row][vc_column][vc_single_image image=&#8221;3755&#8243; img_size=&#8221;full&#8221; alignment=&#8221;center&#8221;][vc_custom_heading text=&#8221;Educa\u00e7\u00e3o Ambiental&#8221;][vc_custom_heading text=&#8221;Horta \u2013 Pomar &#8211; Jardim&#8221; font_container=&#8221;tag:h3|text_align:left&#8221;][vc_column_text]Na Horta, Pomar e Jardins, as crian\u00e7as participam de todo o processo, desde o plantio da semente at\u00e9 o resultado final, proporcionando a experi\u00eancia de cuidar e acompanhar o crescimento das hortali\u00e7as, \u00e1rvores frut\u00edferas e flores, conscientizando-as sobre o cuidado, a import\u00e2ncia do meio ambiente, e a Alimenta\u00e7\u00e3o Saud\u00e1vel! Temos alface, r\u00facula, hortel\u00e3, salsinha, cebolinha, erva doce, manjeric\u00e3o, ora-pro-n\u00f3bis, mexerica, lim\u00e3o, rom\u00e3, goiaba, pitanga, manjerona, or\u00e9gano, salsa, cebolinha, alecrim etc.[\/vc_column_text][vc_custom_heading text=&#8221;Alimenta\u00e7\u00e3o Saud\u00e1vel&#8221; font_container=&#8221;tag:h3|text_align:left&#8221;][vc_column_text]O tema alimenta\u00e7\u00e3o saud\u00e1vel \u00e9 desenvolvido atrav\u00e9s de diversas aulas e projetos, estimulado pela pr\u00f3pria refei\u00e7\u00e3o que oferecemos na escola, com verduras, legumes, frutas, prote\u00ednas e carboidratos.<\/p>\n<p>Card\u00e1pio rico e diversificado, elaborado por Nutricionistas e preparados com muito amor e carinho em nossa Escola. tamb\u00e9m temos aulas de culin\u00e1ria com receitas que incorporam ingredientes saud\u00e1veis para a sa\u00fade da crian\u00e7a.[\/vc_column_text][vc_custom_heading text=&#8221;Meio Ambiente e Sustentabilidade&#8221; font_container=&#8221;tag:h3|text_align:left&#8221;][vc_column_text]A Educa\u00e7\u00e3o Ambiental \u00e9 muito mais do que conscientizar sobre o lixo, a reciclagem e a polui\u00e7\u00e3o. \u00c9 trabalhar situa\u00e7\u00f5es que possibilitem, pensar com os alunos, propostas de interven\u00e7\u00e3o na realidade que nos cerca. Projeto que favorece a valoriza\u00e7\u00e3o da vida e, consequentemente do meio ambiente. Estimulando assim, a mudan\u00e7a de atitudes e a forma\u00e7\u00e3o de novos h\u00e1bitos com rela\u00e7\u00e3o \u00e0 utiliza\u00e7\u00e3o dos recursos naturais.[\/vc_column_text][vc_row_inner][vc_column_inner width=&#8221;1\/3&#8243;][vc_single_image image=&#8221;3667&#8243; img_size=&#8221;full&#8221; alignment=&#8221;center&#8221;][vc_single_image image=&#8221;3670&#8243; img_size=&#8221;full&#8221; alignment=&#8221;center&#8221;][\/vc_column_inner][vc_column_inner width=&#8221;1\/3&#8243;][vc_single_image image=&#8221;3668&#8243; img_size=&#8221;full&#8221; alignment=&#8221;center&#8221;][vc_single_image image=&#8221;3755&#8243; img_size=&#8221;full&#8221; alignment=&#8221;center&#8221;][\/vc_column_inner][vc_column_inner width=&#8221;1\/3&#8243;][vc_single_image image=&#8221;3669&#8243; img_size=&#8221;full&#8221; alignment=&#8221;center&#8221;][vc_single_image image=&#8221;3672&#8243; img_size=&#8221;full&#8221; alignment=&#8221;center&#8221;][\/vc_column_inner][\/vc_row_inner][\/vc_column][\/vc_row]<\/p>\n","protected":false},"excerpt":{"rendered":"<p>[vc_row][vc_column][vc_single_image image=&#8221;3755&#8243; img_size=&#8221;full&#8221; alignment=&#8221;center&#8221;][vc_custom_heading text=&#8221;Educa\u00e7\u00e3o Ambiental&#8221;][vc_custom_heading text=&#8221;Horta \u2013 Pomar &#8211; Jardim&#8221; font_container=&#8221;tag:h3|text_align:left&#8221;][vc_column_text]Na Horta, Pomar e Jardins, as crian\u00e7as participam de todo o processo, desde o plantio da semente at\u00e9 o resultado final, proporcionando a experi\u00eancia de cuidar e acompanhar o crescimento das hortali\u00e7as, \u00e1rvores frut\u00edferas e flores, conscientizando-as sobre o cuidado, a import\u00e2ncia do meio [&hellip;]<\/p>\n","protected":false},"author":1,"featured_media":0,"parent":0,"menu_order":0,"comment_status":"closed","ping_status":"closed","template":"","meta":{"footnotes":""},"class_list":["post-2252","page","type-page","status-publish","hentry"],"_links":{"self":[{"href":"https:\/\/www.escolabaronesa.com.br\/site\/wp-json\/wp\/v2\/pages\/2252","targetHints":{"allow":["GET"]}}],"collection":[{"href":"https:\/\/www.escolabaronesa.com.br\/site\/wp-json\/wp\/v2\/pages"}],"about":[{"href":"https:\/\/www.escolabaronesa.com.br\/site\/wp-json\/wp\/v2\/types\/page"}],"author":[{"embeddable":true,"href":"https:\/\/www.escolabaronesa.com.br\/site\/wp-json\/wp\/v2\/users\/1"}],"replies":[{"embeddable":true,"href":"https:\/\/www.escolabaronesa.com.br\/site\/wp-json\/wp\/v2\/comments?post=2252"}],"version-history":[{"count":20,"href":"https:\/\/www.escolabaronesa.com.br\/site\/wp-json\/wp\/v2\/pages\/2252\/revisions"}],"predecessor-version":[{"id":3765,"href":"https:\/\/www.escolabaronesa.com.br\/site\/wp-json\/wp\/v2\/pages\/2252\/revisions\/3765"}],"wp:attachment":[{"href":"https:\/\/www.escolabaronesa.com.br\/site\/wp-json\/wp\/v2\/media?parent=2252"}],"curies":[{"name":"wp","href":"https:\/\/api.w.org\/{rel}","templated":true}]}}