{"id":1972,"date":"2018-10-22T13:43:53","date_gmt":"2018-10-22T15:43:53","guid":{"rendered":"https:\/\/www.escolabaronesa.com.br\/site\/?page_id=1972"},"modified":"2021-04-06T11:13:42","modified_gmt":"2021-04-06T14:13:42","slug":"programa-bilingue","status":"publish","type":"page","link":"https:\/\/www.escolabaronesa.com.br\/site\/programa-bilingue\/","title":{"rendered":"Programa Bil\u00edngue"},"content":{"rendered":"<p>[vc_row][vc_column][vc_single_image image=&#8221;3584&#8243; img_size=&#8221;full&#8221; alignment=&#8221;center&#8221;][vc_custom_heading text=&#8221;Programa Bil\u00edngue (Every Day)&#8221;][vc_column_text]Aprender uma segunda l\u00edngua \u00e9 uma excelente forma de ampliar os horizontes das crian\u00e7as e despertar seu interesse por outras culturas. No Programa Bil\u00edngue Baronesa promovemos uma maneira mais natural de aprender um idioma estrangeiro.<\/p>\n<p>A English Room (Sala de Ingl\u00eas), foi planejada para desenvolvimento das atividades did\u00e1ticas do Programa Bil\u00edngue. Nossas aulas s\u00e3o di\u00e1rias proporcionando uma maior imers\u00e3o no aprendizado da L\u00edngua Complementar, o aluno tender\u00e1 de atingir um n\u00edvel de flu\u00eancia muito mais rico e completo, contamos com ambienta\u00e7\u00e3o bil\u00edngue em todos os espa\u00e7os de nossa escola.<\/p>\n<p>Trabalhamos com o Sistema de Ensino Positivo \u2013 Just for Little Kids \u2013 Estruturados em 3 unidades conforme faixa et\u00e1ria. Nosso material de apoio conta com Flash Cards, p\u00f4steres, CD, adesivos, hist\u00f3rias, fantoches e muito mais&#8230;<\/p>\n<p>Nosso Programa Bil\u00edngue conta com um cronograma diferenciado, nossas aulas s\u00e3o l\u00fadicas e divertidas, todas as habilidades s\u00e3o desenvolvidas atrav\u00e9s de m\u00fasicas, v\u00eddeos, hist\u00f3rias, jogos e brincadeiras.[\/vc_column_text][vc_separator el_width=&#8221;40&#8243;][vc_column_text]<img decoding=\"async\" class=\"alignleft size-medium wp-image-3715\" src=\"https:\/\/www.escolabaronesa.com.br\/site\/wp-content\/uploads\/2021\/04\/2-300x225.jpeg\" alt=\"\" width=\"300\" srcset=\"https:\/\/www.escolabaronesa.com.br\/site\/wp-content\/uploads\/2021\/04\/2-300x225.jpeg 300w, https:\/\/www.escolabaronesa.com.br\/site\/wp-content\/uploads\/2021\/04\/2-1024x768.jpeg 1024w, https:\/\/www.escolabaronesa.com.br\/site\/wp-content\/uploads\/2021\/04\/2-768x576.jpeg 768w, https:\/\/www.escolabaronesa.com.br\/site\/wp-content\/uploads\/2021\/04\/2-600x450.jpeg 600w, https:\/\/www.escolabaronesa.com.br\/site\/wp-content\/uploads\/2021\/04\/2.jpeg 1280w\" sizes=\"(max-width: 300px) 100vw, 300px\" \/> <img decoding=\"async\" class=\"alignleft size-medium wp-image-3714\" src=\"https:\/\/www.escolabaronesa.com.br\/site\/wp-content\/uploads\/2021\/04\/1-300x278.jpeg\" alt=\"\" width=\"300\" srcset=\"https:\/\/www.escolabaronesa.com.br\/site\/wp-content\/uploads\/2021\/04\/1-300x278.jpeg 300w, https:\/\/www.escolabaronesa.com.br\/site\/wp-content\/uploads\/2021\/04\/1-1024x950.jpeg 1024w, https:\/\/www.escolabaronesa.com.br\/site\/wp-content\/uploads\/2021\/04\/1-768x713.jpeg 768w, https:\/\/www.escolabaronesa.com.br\/site\/wp-content\/uploads\/2021\/04\/1-600x557.jpeg 600w, https:\/\/www.escolabaronesa.com.br\/site\/wp-content\/uploads\/2021\/04\/1.jpeg 1280w\" sizes=\"(max-width: 300px) 100vw, 300px\" \/> <img decoding=\"async\" class=\"alignleft size-medium wp-image-3717\" src=\"https:\/\/www.escolabaronesa.com.br\/site\/wp-content\/uploads\/2021\/04\/3-300x300.jpeg\" alt=\"\" width=\"300\" srcset=\"https:\/\/www.escolabaronesa.com.br\/site\/wp-content\/uploads\/2021\/04\/3-300x300.jpeg 300w, https:\/\/www.escolabaronesa.com.br\/site\/wp-content\/uploads\/2021\/04\/3-150x150.jpeg 150w, https:\/\/www.escolabaronesa.com.br\/site\/wp-content\/uploads\/2021\/04\/3-768x768.jpeg 768w, https:\/\/www.escolabaronesa.com.br\/site\/wp-content\/uploads\/2021\/04\/3-600x600.jpeg 600w, https:\/\/www.escolabaronesa.com.br\/site\/wp-content\/uploads\/2021\/04\/3.jpeg 774w\" sizes=\"(max-width: 300px) 100vw, 300px\" \/>[\/vc_column_text][\/vc_column][\/vc_row]<\/p>\n","protected":false},"excerpt":{"rendered":"<p>[vc_row][vc_column][vc_single_image image=&#8221;3584&#8243; img_size=&#8221;full&#8221; alignment=&#8221;center&#8221;][vc_custom_heading text=&#8221;Programa Bil\u00edngue (Every Day)&#8221;][vc_column_text]Aprender uma segunda l\u00edngua \u00e9 uma excelente forma de ampliar os horizontes das crian\u00e7as e despertar seu interesse por outras culturas. No Programa Bil\u00edngue Baronesa promovemos uma maneira mais natural de aprender um idioma estrangeiro. A English Room (Sala de Ingl\u00eas), foi planejada para desenvolvimento das atividades did\u00e1ticas [&hellip;]<\/p>\n","protected":false},"author":1,"featured_media":0,"parent":0,"menu_order":0,"comment_status":"closed","ping_status":"closed","template":"","meta":{"footnotes":""},"class_list":["post-1972","page","type-page","status-publish","hentry"],"_links":{"self":[{"href":"https:\/\/www.escolabaronesa.com.br\/site\/wp-json\/wp\/v2\/pages\/1972","targetHints":{"allow":["GET"]}}],"collection":[{"href":"https:\/\/www.escolabaronesa.com.br\/site\/wp-json\/wp\/v2\/pages"}],"about":[{"href":"https:\/\/www.escolabaronesa.com.br\/site\/wp-json\/wp\/v2\/types\/page"}],"author":[{"embeddable":true,"href":"https:\/\/www.escolabaronesa.com.br\/site\/wp-json\/wp\/v2\/users\/1"}],"replies":[{"embeddable":true,"href":"https:\/\/www.escolabaronesa.com.br\/site\/wp-json\/wp\/v2\/comments?post=1972"}],"version-history":[{"count":63,"href":"https:\/\/www.escolabaronesa.com.br\/site\/wp-json\/wp\/v2\/pages\/1972\/revisions"}],"predecessor-version":[{"id":3719,"href":"https:\/\/www.escolabaronesa.com.br\/site\/wp-json\/wp\/v2\/pages\/1972\/revisions\/3719"}],"wp:attachment":[{"href":"https:\/\/www.escolabaronesa.com.br\/site\/wp-json\/wp\/v2\/media?parent=1972"}],"curies":[{"name":"wp","href":"https:\/\/api.w.org\/{rel}","templated":true}]}}