{"id":1902,"date":"2018-10-16T14:39:26","date_gmt":"2018-10-16T17:39:26","guid":{"rendered":"https:\/\/www.escolabaronesa.com.br\/site\/?page_id=1902"},"modified":"2022-01-13T17:01:20","modified_gmt":"2022-01-13T20:01:20","slug":"proposta-pedagogica","status":"publish","type":"page","link":"https:\/\/www.escolabaronesa.com.br\/site\/proposta-pedagogica\/","title":{"rendered":"Proposta Pedag\u00f3gica"},"content":{"rendered":"<p>[vc_row][vc_column][vc_single_image image=&#8221;3535&#8243; img_size=&#8221;full&#8221; alignment=&#8221;center&#8221;][vc_custom_heading text=&#8221;Proposta Pedag\u00f3gica&#8221;][vc_column_text]A Educa\u00e7\u00e3o Infantil \u00e9 a primeira etapa da vida escolar e tem como finalidade o desenvolvimento integral da crian\u00e7a em seus diferentes aspectos: cognitivo, afetivo, s\u00f3cio moral e perceptivo motor.<\/p>\n<p>A linha metodol\u00f3gica seguida pela Baronesa na Proposta Pedag\u00f3gica \u00e9 a S\u00f3ciointeracionista, tendo como embasamento te\u00f3rico as ideias de Piaget, Vygotsky e Wallon.<\/p>\n<p>Esta proposta estimula a crian\u00e7a na constru\u00e7\u00e3o do seu pr\u00f3prio conhecimento, aprendendo a partir da intera\u00e7\u00e3o que estabelece com o meio f\u00edsico e social, passando por diferentes est\u00e1gios de desenvolvimento. Procuramos sempre uma aprendizagem significativa e o desenvolvimento de habilidades e compet\u00eancias, valorizando as viv\u00eancias como forma de reflex\u00e3o que gera a a\u00e7\u00e3o, por meio de atividades l\u00fadicas e prazerosas.<\/p>\n<p>Na Escola Baronesa, buscamos transmitir o conhecimento pronto e integralmente elaborado, mas principalmente auxiliar as crian\u00e7as neste processo, organizando e mediando as experi\u00eancias. Reavaliamos mensalmente nossas pr\u00e1ticas, temos reuni\u00f5es semanais e mensais, procurando sempre nos adequarmos, evoluirmos e alcan\u00e7armos a excel\u00eancia.[\/vc_column_text][vc_custom_heading text=&#8221;Sa\u00fade e Seguran\u00e7a&#8221;][vc_column_text]- Possu\u00edmos certificado do Curso de Sa\u00fade e Seguran\u00e7a com a Equipe Qualifica;<\/p>\n<p>&#8211; Seguimos rigorosamente todos os protocolos de sa\u00fade e seguran\u00e7a;<\/p>\n<p>&#8211; Oferecemos tapete sanitizante, higieniza\u00e7\u00e3o das mochilas, totens de \u00e1lcool em gel em todos os ambientes, marca\u00e7\u00e3o e distanciamento social, term\u00f4metro infravermelho, sala de isolamento, equipamento de prote\u00e7\u00e3o individual e toda seguran\u00e7a necess\u00e1ria em nossa escola.[\/vc_column_text][vc_custom_heading text=&#8221;Autoriza\u00e7\u00e3o pela Secretaria Municipal da Educa\u00e7\u00e3o&#8221;][vc_column_text]A Escola Baronesa est\u00e1 regulamentada de acordos com as leis, sendo autorizada pela Portaria da Secretaria Municipal de Educa\u00e7\u00e3o 52\/2010, garantindo responsabilidade e profissionalismo. A Escola prossegue com o selo da Prefeitura de Campinas e SME \u201cEscola Bem Legal\u201d, que consiste em um certificado p\u00fablico que comprova a regulariza\u00e7\u00e3o da escola, garantindo seguran\u00e7a aos pais para escolher com assertividade a escola de seus filhos.[\/vc_column_text][\/vc_column][\/vc_row][vc_row][vc_column][vc_custom_heading text=&#8221;Nosso Lema&#8221; font_container=&#8221;tag:h3|text_align:left&#8221;][vc_column_text]Educando para o Futuro: Da Baronesa para a Vida.[\/vc_column_text][vc_custom_heading text=&#8221;Nossa Vis\u00e3o&#8221; font_container=&#8221;tag:h3|text_align:left&#8221;][vc_column_text]Ser refer\u00eancia de qualidade na Educa\u00e7\u00e3o Infantil com excel\u00eancia na proposta pedag\u00f3gica, metodologia inovadora e excelente atendimento para fam\u00edlias de Campinas e regi\u00e3o.[\/vc_column_text][vc_custom_heading text=&#8221;Nossa Miss\u00e3o&#8221; font_container=&#8221;tag:h3|text_align:left&#8221;][vc_column_text]Atuar na Educa\u00e7\u00e3o Infantil oferecendo condi\u00e7\u00f5es para a crian\u00e7a crescer e se tornar um cidad\u00e3o consciente, proporcionando um ambiente acolhedor e \u00e9tico que a estimule com autonomia para interagir com o meio e desenvolver compet\u00eancias e habilidades para a vida.[\/vc_column_text][vc_custom_heading text=&#8221;Valores&#8221; font_container=&#8221;tag:h3|text_align:left&#8221;][vc_column_text]\u2013 Gentileza e Afeto<br \/>\n\u2013 Autonomia e Cidadania<br \/>\n\u2013 Confian\u00e7a e Honestidade<br \/>\n\u2013 Solidariedade e Responsabilidade<br \/>\n\u2013 Empatia e autoestima\u2028\u2013 Toler\u00e2ncia e Resili\u00eancia<br \/>\n\u2013 Justi\u00e7a e Liberdade<br \/>\n\u2013 Respeito \u00e0s diferen\u00e7as<br \/>\n\u2013 Consci\u00eancia ambiental[\/vc_column_text][\/vc_column][\/vc_row]<\/p>\n","protected":false},"excerpt":{"rendered":"<p>[vc_row][vc_column][vc_single_image image=&#8221;3535&#8243; img_size=&#8221;full&#8221; alignment=&#8221;center&#8221;][vc_custom_heading text=&#8221;Proposta Pedag\u00f3gica&#8221;][vc_column_text]A Educa\u00e7\u00e3o Infantil \u00e9 a primeira etapa da vida escolar e tem como finalidade o desenvolvimento integral da crian\u00e7a em seus diferentes aspectos: cognitivo, afetivo, s\u00f3cio moral e perceptivo motor. A linha metodol\u00f3gica seguida pela Baronesa na Proposta Pedag\u00f3gica \u00e9 a S\u00f3ciointeracionista, tendo como embasamento te\u00f3rico as ideias de Piaget, [&hellip;]<\/p>\n","protected":false},"author":1,"featured_media":0,"parent":0,"menu_order":0,"comment_status":"closed","ping_status":"closed","template":"","meta":{"footnotes":""},"class_list":["post-1902","page","type-page","status-publish","hentry"],"_links":{"self":[{"href":"https:\/\/www.escolabaronesa.com.br\/site\/wp-json\/wp\/v2\/pages\/1902","targetHints":{"allow":["GET"]}}],"collection":[{"href":"https:\/\/www.escolabaronesa.com.br\/site\/wp-json\/wp\/v2\/pages"}],"about":[{"href":"https:\/\/www.escolabaronesa.com.br\/site\/wp-json\/wp\/v2\/types\/page"}],"author":[{"embeddable":true,"href":"https:\/\/www.escolabaronesa.com.br\/site\/wp-json\/wp\/v2\/users\/1"}],"replies":[{"embeddable":true,"href":"https:\/\/www.escolabaronesa.com.br\/site\/wp-json\/wp\/v2\/comments?post=1902"}],"version-history":[{"count":21,"href":"https:\/\/www.escolabaronesa.com.br\/site\/wp-json\/wp\/v2\/pages\/1902\/revisions"}],"predecessor-version":[{"id":3764,"href":"https:\/\/www.escolabaronesa.com.br\/site\/wp-json\/wp\/v2\/pages\/1902\/revisions\/3764"}],"wp:attachment":[{"href":"https:\/\/www.escolabaronesa.com.br\/site\/wp-json\/wp\/v2\/media?parent=1902"}],"curies":[{"name":"wp","href":"https:\/\/api.w.org\/{rel}","templated":true}]}}